{"id":387,"date":"2021-02-19T16:39:44","date_gmt":"2021-02-19T16:39:44","guid":{"rendered":"https:\/\/reml.live\/?page_id=387"},"modified":"2021-02-19T16:39:45","modified_gmt":"2021-02-19T16:39:45","slug":"declaracion-de-privacidad","status":"publish","type":"page","link":"https:\/\/josejeron.reml.live\/en\/declaracion-de-privacidad\/","title":{"rendered":"Declaraci\u00f3n de privacidad"},"content":{"rendered":"<!-- This legal document was generated by Complianz | GDPR\/CCPA Cookie Consent https:\/\/wordpress.org\/plugins\/complianz-gdpr -->\n<div id=\"cmplz-document\" class=\"cmplz-document privacy-statement\"><p><i>This privacy statement was last updated on February 19, 2021 and applies to citizens of the European Economic Area.<\/i><\/p><p><p>In this privacy statement, we explain what we do with the data we obtain about you via <a href=\"https:\/\/josejeron.reml.live\/en\">https:\/\/josejeron.reml.live\/en<\/a>. We recommend you carefully read this statement. In our processing we comply with the requirements of privacy legislation. That means, among other things, that:<\/p><ul>\n                <li>we clearly state the purposes for which we process personal data. We do this by means of this privacy statement;<\/li>\n                <li>we aim to limit our collection of personal data to only the personal data required for legitimate purposes;<\/li>\n                <li>we first request your explicit consent to process your personal data in cases requiring your consent;<\/li>\n                <li>we take appropriate security measures to protect your personal data and also require this from parties that process personal data on our behalf;<\/li>\n                <li>we respect your right to access your personal data or have it corrected or deleted, at your request.<\/li>\n            <\/ul><p>If you have any questions, or want to know exactly what data we keep of you, please contact us.<\/p><\/p><h2>1. Purpose, data and retention period<\/h2><p class=\"cmplz-subtitle\">1.1 We use your data for the following purpose:<\/p><p>Contact - Through phone, mail, email and\/or webforms<\/p><p class=\"cmplz-subtitle\">For this purpose we use the following data:<\/p><p><ul><li>Name, Address and City<\/li><li>Email address<\/li><li>Financial data<\/li><li>Birth date<\/li><li>Username, passwords and other account specific data<\/li><li>IP Address<\/li><li>Location<\/li><li>Telephone number<\/li><\/ul><\/p><p class=\"cmplz-subtitle\">The basis on which we may process these data is:<\/p><p>Performance of an agreement<\/p><p class=\"cmplz-subtitle\">Retention period<\/p><p>We retain this data until the service is terminated.<\/p><p class=\"cmplz-subtitle\">1.2 We use your data for the following purpose:<\/p><p>Payments<\/p><p class=\"cmplz-subtitle\">For this purpose we use the following data:<\/p><p><ul><li>Name, Address and City<\/li><li>Email address<\/li><li>Financial data<\/li><li>Username, passwords and other account specific data<\/li><li>IP Address<\/li><li>Telephone number<\/li><\/ul><\/p><p class=\"cmplz-subtitle\">The basis on which we may process these data is:<\/p><p>Consent obtained<\/p><p class=\"cmplz-subtitle\">Retention period<\/p><p>We retain this data until the service is terminated.<\/p><p class=\"cmplz-subtitle\">1.3 We use your data for the following purpose:<\/p><p>Registering an account<\/p><p class=\"cmplz-subtitle\">For this purpose we use the following data:<\/p><p><ul><li>Name, Address and City<\/li><li>Email address<\/li><li>Username, passwords and other account specific data<\/li><\/ul><\/p><p class=\"cmplz-subtitle\">The basis on which we may process these data is:<\/p><p>Consent obtained<\/p><p class=\"cmplz-subtitle\">Retention period<\/p><p>We retain this data until the service is terminated.<\/p><p class=\"cmplz-subtitle\">1.4 We use your data for the following purpose:<\/p><p>Newsletters<\/p><p class=\"cmplz-subtitle\">For this purpose we use the following data:<\/p><p><ul><li>Name, Address and City<\/li><li>Email address<\/li><\/ul><\/p><p class=\"cmplz-subtitle\">The basis on which we may process these data is:<\/p><p>Consent obtained<\/p><p class=\"cmplz-subtitle\">Retention period<\/p><p>We retain this data until the service is terminated.<\/p><p class=\"cmplz-subtitle\">1.5 We use your data for the following purpose:<\/p><p>To support services or products that a customer wants to buy or has purchased<\/p><p class=\"cmplz-subtitle\">For this purpose we use the following data:<\/p><p><ul><li>Name, Address and City<\/li><li>Email address<\/li><li>Username, passwords and other account specific data<\/li><li>Telephone number<\/li><\/ul><\/p><p class=\"cmplz-subtitle\">The basis on which we may process these data is:<\/p><p>Consent obtained<\/p><p class=\"cmplz-subtitle\">Retention period<\/p><p>We retain this data until the service is terminated.<\/p><p class=\"cmplz-subtitle\">1.6 We use your data for the following purpose:<\/p><p>To be able to comply with legal obligations<\/p><p class=\"cmplz-subtitle\">For this purpose we use the following data:<\/p><p><ul><li>Name, Address and City<\/li><li>Email address<\/li><li>Username, passwords and other account specific data<\/li><\/ul><\/p><p class=\"cmplz-subtitle\">The basis on which we may process these data is:<\/p><p>Consent obtained<\/p><p class=\"cmplz-subtitle\">Retention period<\/p><p>We retain this data until the service is terminated.<\/p><p class=\"cmplz-subtitle\">1.7 We use your data for the following purpose:<\/p><p>Compiling and analyzing statistics for website improvement.<\/p><p class=\"cmplz-subtitle\">For this purpose we use the following data:<\/p><p><ul><li>IP Address<\/li><li>Visitor behavior<\/li><\/ul><\/p><p class=\"cmplz-subtitle\">The basis on which we may process these data is:<\/p><p>Consent obtained<\/p><p class=\"cmplz-subtitle\">Retention period<\/p><p>We retain this data until the service is terminated.<\/p><p class=\"cmplz-subtitle\">1.8 We use your data for the following purpose:<\/p><p>To be able to offer personalised products and services<\/p><p class=\"cmplz-subtitle\">For this purpose we use the following data:<\/p><p><ul><li>IP Address<\/li><li>Visitor behavior<\/li><\/ul><\/p><p class=\"cmplz-subtitle\">The basis on which we may process these data is:<\/p><p>Consent obtained<\/p><p class=\"cmplz-subtitle\">Retention period<\/p><p>We retain this data until the service is terminated.<\/p><h2>2. Cookies<\/h2><p>Our website uses cookies. For more information about cookies, please refer to our <a href=\"https:\/\/josejeron.reml.live\/en\/politica-de-cookies\/\">Cookie Policy<\/a>.&nbsp;<\/p><h2>3. Statistics<\/h2><p>We keep track of anonymised statistics to gain insight into how often and in what way visitors use our website.<\/p><p>The inclusion of full IP addresses is blocked by us.<\/p><h2>4. Security<\/h2><p>We are committed to the security of personal data. We take appropriate security measures to limit abuse of and unauthorised access to personal data. This ensures that only the necessary persons have access to your data, that access to the data is protected, and that our security measures are regularly reviewed.<\/p><h2>5. Third party websites<\/h2><p>This privacy statement does not apply to third party websites connected by links on our website. We cannot guarantee that these third parties handle your personal data in a reliable or secure manner. We recommend you read the privacy statements of these websites prior to making use of these websites.<\/p><h2>6. Amendments to this privacy statement<\/h2><p>We reserve the right to make amendments to this privacy statement. It is recommended that you consult this privacy statement regularly in order to be aware of any changes. In addition, we will actively inform you wherever possible.<\/p><h2>7. Accessing and modifying your data<\/h2><p><p>If you have any questions or want to know which personal data we have about you, please contact us. You can contact us by using the information below. You have the following rights:<\/p><ul>\n                <li>You have the right to know why your personal data is needed, what will happen to it, and how long it will be retained for.<\/li>\n                <li>Right of access: You have the right to access your personal data that is known to us.<\/li>\n                <li>Right to rectification: you have the right to supplement, correct, have deleted or blocked your personal data whenever you wish.<\/li>\n                <li>If you give us your consent to process your data, you have the right to revoke that consent and to have your personal data deleted.<\/li>\n                <li>Right to transfer your data: you have the right to request all your personal data from the controller and transfer it in its entirety to another controller.<\/li>\n                <li>Right to object: you may object to the processing of your data. We comply with this, unless there are justified grounds for processing.<\/li>\n            <\/ul><p>Please make sure to always clearly state who you are, so that we can be certain that we do not modify or delete any data of the wrong person.<\/p><\/p><h2>8. Submitting a complaint<\/h2><p>If you are not satisfied with the way in which we handle (a complaint about) the processing of your personal data, you have the right to submit a complaint to the Data Protection Authority.<\/p><h2>9. Contact details<\/h2><p>Estado REML<br>\n        Contorno del cuerpo REML<br>\n        Reunion<br>\n        Website: <a href=\"https:\/\/josejeron.reml.live\/en\">https:\/\/josejeron.reml.live\/en<\/a> <br>\n        Email: <a href=\"mailto:i&#110;fo&#x40;reml&#046;live\">i&#110;fo&#x40;reml&#046;live<\/a> <br>\n        <\/p><h2>Annex<\/h2><p><h3>WooCommerce<\/h3>\r\n<div class=\"wp-suggested-text\">\r\n<p class=\"privacy-policy-tutorial\">Este texto de muestra incluye los b\u00e1sicos sobre qu\u00e9 datos personales recopila, almacena y comparte tu tienda, as\u00ed como qui\u00e9n tiene acceso a esos datos. Dependiendo de qu\u00e9 ajustes est\u00e9n activos y qu\u00e9 plugins adicionales se usane, la informaci\u00f3n espec\u00edfica compartida por tu tienda puede variar. Te recomendamos que consultes a un abogado para decidir qu\u00e9 informaci\u00f3n mostrar en tu pol\u00edtica de privacidad.<\/p>\r\nRecopilamos informaci\u00f3n tuya durante el proceso de pago en nuestra tienda.\r\n<h2>Lo que recopilamos y almacenamos<\/h2>\r\nMientras visitas nuestro sitio realizaremos el seguimiento de:\r\n<ul>\r\n \t<li>Los productos que has visto: usaremos esto para, por ejemplo, mostrarte productos que has visto recientemente<\/li>\r\n \t<li>Ubicaci\u00f3n, direcci\u00f3n IP y tipo de navegador: usaremos esto para prop\u00f3sitos como estimar impuestos y costes de env\u00edo<\/li>\r\n \t<li>Direcci\u00f3n de env\u00edo: te pediremos que facilites esto para que podamos, por ejemplo, estimar el coste del env\u00edo antes de que hagas un pedido, \u00a1y enviarte el pedido!<\/li>\r\n<\/ul>\r\nTambi\u00e9n usamos cookies para realizar el seguimiento de los contenidos del carrito mientras navegas por nuestro sitio.\r\n<p class=\"privacy-policy-tutorial\">Observaci\u00f3n: puede que quieras detallar tu pol\u00edtica de cookies, y enlazar desde aqu\u00ed a esta secci\u00f3n.<\/p>\r\nCuando nos compras algo te pedimos que facilites informaci\u00f3n que incluye tu nombre, direcci\u00f3n de facturaci\u00f3n, direcci\u00f3n de env\u00edo, direcci\u00f3n de correo electr\u00f3nico, n\u00famero de tel\u00e9fono, detalles de la tarjeta de cr\u00e9dito\/pago e informaci\u00f3n adicional opcional como el nombre de usuario y la contrase\u00f1a. Usaremos esta informaci\u00f3n para prop\u00f3sitos como:\r\n<ul>\r\n \t<li>Enviarte informaci\u00f3n sobre tu cuenta y pedido<\/li>\r\n \t<li>Responder a tus solicitudes, incluidos reembolsos y reclamaciones<\/li>\r\n \t<li>Procesar pagos y evitar el fraude<\/li>\r\n \t<li>Configurar tu cuenta para nuestra tienda<\/li>\r\n \t<li>Cumplir con cualquier obligaci\u00f3n legal que tengamos, como c\u00e1lculos de impuestos<\/li>\r\n \t<li>Mejorar las ofertas de nuestra tienda<\/li>\r\n \t<li>Enviarte mensajes promocionales, si eliges recibirlos<\/li>\r\n<\/ul>\r\nSi creas una cuenta almacenaremos tu nombre, direcci\u00f3n, correo electr\u00f3nico y n\u00famero de tel\u00e9fono, lo que usaremos para el proceso de pago y futuros pedidos.\r\n\r\nNormalmente almacenamos informaci\u00f3n sobre ti durante el tiempo que necesitemos la informaci\u00f3n para los prop\u00f3sitos para los que la recopilamos y usamos, y no estemos legalmente obligados a seguir guard\u00e1ndola. Por ejemplo, almacenaremos informaci\u00f3n de los pedidos durante 10 a\u00f1os para prop\u00f3sitos de impuestos y contabilidad. Esto incluye tu nombre, direcci\u00f3n de correo electr\u00f3nico y direcciones de facturaci\u00f3n y env\u00edo.\r\n\r\nTambi\u00e9n almacenamos comentarios o valoraciones, si eliges dejarlos.\r\n<h2>Qui\u00e9n de nuestro equipo tiene acceso<\/h2>\r\nLos miembros de nuestro equipo tienen acceso a la informaci\u00f3n que nos ofreces. Por ejemplo, los administradores y gestores de tienda pueden acceder:\r\n<ul>\r\n \t<li>La informaci\u00f3n de pedidos, como qu\u00e9 se compr\u00f3, cu\u00e1ndo se compr\u00f3 y d\u00f3nde se deber\u00eda enviar, y<\/li>\r\n \t<li>La informaci\u00f3n de cliente, como tu nombre, direcci\u00f3n de correo electr\u00f3nico, y la informaci\u00f3n de facturaci\u00f3n y env\u00edo.<\/li>\r\n<\/ul>\r\nLos miembros de nuestro equipo tienen acceso a esta informaci\u00f3n para ayudar a completar pedidos, procesar reembolsos y darte soporte.\r\n<h2>Lo que compartimos con otros<\/h2>\r\n<p class=\"privacy-policy-tutorial\">En esta secci\u00f3n deber\u00edas apuntar con qui\u00e9n est\u00e1s compartiendo datos, y con qu\u00e9 objetivo. Esto podr\u00eda incluir, pero no est\u00e1 solo limitado a ello, an\u00e1lisis, marketing, pasarelas de pago, proveedores de env\u00edo, e incrustados de terceros.<\/p>\r\nCompartimos informaci\u00f3n con otros, que nos ayudan a ofrecer nuestros pedidos y gestionar servicios para ti; por ejemplo --\r\n<h3>Pagos<\/h3>\r\n<p class=\"privacy-policy-tutorial\">En esta subsecci\u00f3n deber\u00edas apuntar qu\u00e9 otros procesadores de pago externos est\u00e1s usando para admitir pagos en tu tienda, ya que puede que manejen datos de los clientes. Hemos incluido PayPal como ejemplo, pero deber\u00edas borrarlo si no est\u00e1s usando PayPal.<\/p>\r\nAceptamos pagos mediante PayPal. Al procesar pagos algunos de tus datos se pasar\u00e1n a PayPal, incluida la informaci\u00f3n requerida para procesar o dar soporte al pago, tales como el total de la compra y la informaci\u00f3n de facturaci\u00f3n.\r\n\r\nPor favor, revisa la <a href=\"https:\/\/www.paypal.com\/es\/webapps\/mpp\/ua\/privacy-full\">pol\u00edtica de privacidad de PayPal<\/a> para m\u00e1s detalles.\r\n\r\n<\/div><\/p><\/div>","protected":false},"excerpt":{"rendered":"","protected":false},"author":1,"featured_media":0,"parent":0,"menu_order":0,"comment_status":"closed","ping_status":"closed","template":"","meta":{"_genesis_hide_title":false,"_genesis_hide_breadcrumbs":false,"_genesis_hide_singular_image":false,"_genesis_hide_footer_widgets":false,"_genesis_custom_body_class":"","_genesis_custom_post_class":"","_genesis_layout":""},"featured_image_src":null,"featured_image_src_square":null,"_links":{"self":[{"href":"https:\/\/josejeron.reml.live\/en\/wp-json\/wp\/v2\/pages\/387"}],"collection":[{"href":"https:\/\/josejeron.reml.live\/en\/wp-json\/wp\/v2\/pages"}],"about":[{"href":"https:\/\/josejeron.reml.live\/en\/wp-json\/wp\/v2\/types\/page"}],"author":[{"embeddable":true,"href":"https:\/\/josejeron.reml.live\/en\/wp-json\/wp\/v2\/users\/1"}],"replies":[{"embeddable":true,"href":"https:\/\/josejeron.reml.live\/en\/wp-json\/wp\/v2\/comments?post=387"}],"version-history":[{"count":1,"href":"https:\/\/josejeron.reml.live\/en\/wp-json\/wp\/v2\/pages\/387\/revisions"}],"predecessor-version":[{"id":390,"href":"https:\/\/josejeron.reml.live\/en\/wp-json\/wp\/v2\/pages\/387\/revisions\/390"}],"wp:attachment":[{"href":"https:\/\/josejeron.reml.live\/en\/wp-json\/wp\/v2\/media?parent=387"}],"curies":[{"name":"wp","href":"https:\/\/api.w.org\/{rel}","templated":true}]}}