{"id":7,"date":"2021-01-13T00:05:50","date_gmt":"2021-01-13T00:05:50","guid":{"rendered":"https:\/\/reml.live\/?page_id=7"},"modified":"2021-01-20T14:18:59","modified_gmt":"2021-01-20T14:18:59","slug":"homepage","status":"publish","type":"page","link":"https:\/\/josejeron.reml.live\/en\/","title":{"rendered":"Confederaci\u00f3n REML"},"content":{"rendered":"<div style=\"background-color:#000000;padding-left:8%;padding-right:8%;padding-bottom:30%;padding-top:30%\" class=\"wp-block-genesis-blocks-gb-container narrow-content light-text gb-block-container alignfull\"><div class=\"gb-container-inside\"><div class=\"gb-container-image-wrap\"><img class=\"gb-container-image has-background-dim-20 has-background-dim\" src=\"https:\/\/josejeron.reml.live\/wp-content\/themes\/monochrome-pro\/config\/import\/images\/law-firm\/law-firm-background-1.jpg\" alt=\"\"\/><\/div><div class=\"gb-container-content\" style=\"max-width:1200px\">\n<h1 class=\"has-text-align-left bold-heading-text fade-in-up\">R.E.M.L.<\/h1>\n\n\n\n<h1 class=\"fade-in-up\">WEB INSTITUCIONAL<br>DE CONFEDERACIONES.<\/h1>\n\n\n\n<p class=\"fade-in-up has-text-color has-small-font-size\" style=\"color:#ffffff\"><strong><strong>Confederaci\u00f3n de Republicas Errantes Menda Lerenda<\/strong><\/strong>.<\/p>\n<\/div><\/div><\/div>\n\n\n\n<div style=\"padding-left:8%;padding-right:8%;padding-bottom:10%;padding-top:10%\" class=\"wp-block-genesis-blocks-gb-container gb-block-container alignfull\"><div class=\"gb-container-inside\"><div class=\"gb-container-content\" style=\"max-width:1200px\">\n<h2 class=\"bold-text fade-in-up\">DEPARTAMENTOS.<\/h2>\n\n\n\n<p class=\"fade-in-up\">Our simple approach to defending clients just works.<\/p>\n\n\n\n<hr class=\"wp-block-separator is-style-default fade-in-up\"\/>\n\n\n\n<div class=\"wp-block-columns has-3-columns fade-in-up\">\n<div class=\"wp-block-column\">\n<h3 class=\"has-normal-font-size\"><strong><a href=\"https:\/\/www.republicamendalerenda.net\/oficina\" data-type=\"URL\" data-id=\"https:\/\/www.republicamendalerenda.net\/oficina\" target=\"_blank\" rel=\"noreferrer noopener\">OFICINA DE TRAMITACI\u00d3N<\/a><\/strong><\/h3>\n\n\n\n<p style=\"font-size:16px\">Our legal team has years of experience when it comes to family. Our job is to protect you and your loved ones.<\/p>\n\n\n\n<div class=\"wp-block-buttons alignleft\">\n<div class=\"wp-block-button\"><a class=\"wp-block-button__link has-background\" href=\"https:\/\/www.republicamendalerenda.net\/oficina\" style=\"background-color:#000000\" target=\"_blank\" rel=\"noreferrer noopener\">Ir a la oficina<\/a><\/div>\n<\/div>\n<\/div>\n\n\n\n<div class=\"wp-block-column\">\n<h3 class=\"has-normal-font-size\"><strong><a href=\"https:\/\/josejeron.reml.live\/en\/ministerios\/\" data-type=\"URL\" data-id=\"https:\/\/josejeron.reml.live\/ministerios\/\">MINISTERIOS<\/a><\/strong><\/h3>\n\n\n\n<p style=\"font-size:16px\">If you are injured on the job, we go above and beyond to ensure you are taken care of. Put your trust that we will deliver.<\/p>\n\n\n\n<div class=\"wp-block-buttons alignleft\">\n<div class=\"wp-block-button\"><a class=\"wp-block-button__link has-background\" href=\"https:\/\/josejeron.reml.live\/en\/ministerios\/\" style=\"background-color:#000000\">Ver ministerios<\/a><\/div>\n<\/div>\n<\/div>\n\n\n\n<div class=\"wp-block-column\">\n<h3 class=\"has-normal-font-size\"><strong><a href=\"https:\/\/josejeron.reml.live\/en\/fundamentos-reml\/\" data-type=\"URL\" data-id=\"https:\/\/josejeron.reml.live\/fundamentos-reml\/\">FUNDAMENTOS REML<\/a><\/strong><\/h3>\n\n\n\n<p style=\"font-size:16px\">No matter what the case may be, if you need us, we want to be there for you. Watch as we lend a helping hand.<\/p>\n\n\n\n<div class=\"wp-block-buttons alignleft\">\n<div class=\"wp-block-button\"><a class=\"wp-block-button__link has-background\" href=\"https:\/\/josejeron.reml.live\/en\/fundamentos-reml\/\" style=\"background-color:#000000\">Ir a fundamentos<\/a><\/div>\n<\/div>\n<\/div>\n<\/div>\n\n\n\n<div style=\"height:65px\" aria-hidden=\"true\" class=\"wp-block-spacer\"><\/div>\n\n\n\n<p style=\"font-size:20px\"><strong>OTROS DEPARTAMENTOS:<\/strong><\/p>\n\n\n<div class=\"pt-cv-wrapper\"><div class=\"pt-cv-view pt-cv-grid pt-cv-colsys\" id=\"pt-cv-view-1818813wxa\"><div data-id=\"pt-cv-page-1\" class=\"pt-cv-page\" data-cvc=\"3\"><div class=\"col-md-4 col-sm-6 col-xs-12 pt-cv-content-item pt-cv-1-col\" ><div class='pt-cv-ifield'><div class=\"alert alert-warning pt-cv-no-post\">No posts found.<\/div><\/div><\/div><\/div><\/div><\/div>\n\n\n\n<div style=\"height:65px\" aria-hidden=\"true\" class=\"wp-block-spacer\"><\/div>\n\n\n\n<h2 class=\"has-text-align-center\"><a href=\"https:\/\/www.republicamendalerenda.net\/sede-union-de-naciones\" data-type=\"URL\" data-id=\"https:\/\/www.republicamendalerenda.net\/sede-union-de-naciones\" target=\"_blank\" rel=\"noreferrer noopener\">SEDE UNI\u00d3N DE NACIONES<\/a><\/h2>\n\n\n\n<div class=\"wp-block-image\"><figure class=\"aligncenter size-full\"><a href=\"https:\/\/www.republicamendalerenda.net\/sede-union-de-naciones\" target=\"_blank\" rel=\"noopener\"><img loading=\"lazy\" width=\"242\" height=\"240\" src=\"https:\/\/josejeron.reml.live\/wp-content\/uploads\/2021\/01\/sun-reml.png\" alt=\"\" class=\"wp-image-27\" srcset=\"https:\/\/josejeron.reml.live\/wp-content\/uploads\/2021\/01\/sun-reml.png 242w, https:\/\/josejeron.reml.live\/wp-content\/uploads\/2021\/01\/sun-reml-150x150.png 150w, https:\/\/josejeron.reml.live\/wp-content\/uploads\/2021\/01\/sun-reml-80x80.png 80w\" sizes=\"(max-width: 242px) 100vw, 242px\" \/><\/a><\/figure><\/div>\n<\/div><\/div><\/div>\n\n\n\n<div style=\"background-color:#000000;padding-left:8%;padding-right:8%;padding-bottom:15%;padding-top:15%\" class=\"wp-block-genesis-blocks-gb-container light-text gb-block-container alignfull\"><div class=\"gb-container-inside\"><div class=\"gb-container-image-wrap\"><img class=\"gb-container-image has-background-dim-20 has-background-dim\" src=\"https:\/\/josejeron.reml.live\/wp-content\/themes\/monochrome-pro\/config\/import\/images\/law-firm\/law-firm-background-2.jpg\" alt=\"\"\/><\/div><div class=\"gb-container-content\" style=\"max-width:1200px\">\n<h2 class=\"has-text-align-left bold-text fade-in-up\">Estados Soberanos REML.<\/h2>\n\n\n\n<p class=\"fade-in-up has-text-color\" style=\"color:#ffffff\">Uni\u00f3n de Confederados REML. Su integraci\u00f3n y participaci\u00f3n es libre.<\/p>\n\n\n\n<hr class=\"wp-block-separator has-text-color has-background is-style-default fade-in-up\" style=\"background-color:#ffffff;color:#ffffff\"\/>\n\n\n\n<div class=\"wp-block-columns fade-in-up brand-logos\">\n<div class=\"wp-block-column\">\n<figure class=\"wp-block-image size-large\"><img src=\"https:\/\/josejeron.reml.live\/wp-content\/themes\/monochrome-pro\/config\/import\/images\/logos\/les-avenirs.png\" alt=\"\" class=\"wp-image-3272\"\/><\/figure>\n<\/div>\n\n\n\n<div class=\"wp-block-column\">\n<figure class=\"wp-block-image size-large\"><img src=\"https:\/\/josejeron.reml.live\/wp-content\/themes\/monochrome-pro\/config\/import\/images\/logos\/avec-simple.png\" alt=\"\" class=\"wp-image-3273\"\/><\/figure>\n<\/div>\n\n\n\n<div class=\"wp-block-column\">\n<figure class=\"wp-block-image size-large\"><img src=\"https:\/\/josejeron.reml.live\/wp-content\/themes\/monochrome-pro\/config\/import\/images\/logos\/whitespace.png\" alt=\"\" class=\"wp-image-3274\"\/><\/figure>\n<\/div>\n\n\n\n<div class=\"wp-block-column\">\n<figure class=\"wp-block-image size-large\"><img src=\"https:\/\/josejeron.reml.live\/wp-content\/themes\/monochrome-pro\/config\/import\/images\/logos\/minimalism.png\" alt=\"\" class=\"wp-image-3275\"\/><\/figure>\n<\/div>\n\n\n\n<div class=\"wp-block-column\">\n<figure class=\"wp-block-image size-large\"><img src=\"https:\/\/josejeron.reml.live\/wp-content\/themes\/monochrome-pro\/config\/import\/images\/logos\/barcelona-33.png\" alt=\"\" class=\"wp-image-3276\"\/><\/figure>\n<\/div>\n\n\n\n<div class=\"wp-block-column\">\n<figure class=\"wp-block-image size-large\"><img src=\"https:\/\/josejeron.reml.live\/wp-content\/themes\/monochrome-pro\/config\/import\/images\/logos\/smooth-vanilla.png\" alt=\"\" class=\"wp-image-3277\"\/><\/figure>\n<\/div>\n<\/div>\n<\/div><\/div><\/div>\n\n\n\n<div style=\"padding-left:8%;padding-right:8%;padding-bottom:2%;padding-top:10%\" class=\"wp-block-genesis-blocks-gb-container gb-block-container alignfull\"><div class=\"gb-container-inside\"><div class=\"gb-container-content\" style=\"max-width:1200px\">\n<h2 class=\"bold-text fade-in-up\">\u00daltimas noticias.<\/h2>\n\n\n\n<p class=\"fade-in-up\">Prensa y comunicados de la confederaci\u00f3n REML.<\/p>\n\n\n\n<hr class=\"wp-block-separator fade-in-up\"\/>\n\n\n\n<div style=\"color:#ddd\" class=\"wp-block-genesis-blocks-gb-spacer gb-block-spacer gb-divider-solid gb-divider-size-1\"><hr style=\"height:30px\"\/><\/div>\n\n\n<section class=\"gb-block-post-grid featuredpost aligncenter fade-in-up\"><div class=\"gb-post-grid-items is-grid columns-2\"><article id=\"post-444\" class=\"gb-post-grid-item post-444 post type-post status-publish format-standard has-post-thumbnail category-avisos-legales category-blog category-constitucion category-denuncias category-edictos category-historia-del-fraude category-noticias category-relaciones-exteriores category-seccion-1 category-seccion-2 category-seccion-3 entry\"><div class=\"gb-block-post-grid-image\"><a href=\"https:\/\/josejeron.reml.live\/en\/entrada-de-ejemplo\/\" rel=\"bookmark\" aria-hidden=\"true\" tabindex=\"-1\"><img width=\"600\" height=\"338\" src=\"https:\/\/josejeron.reml.live\/wp-content\/uploads\/2021\/01\/law-firm-sample-4-600x338-1.jpg\" class=\"attachment-featured-blog size-featured-blog\" alt=\"\" loading=\"lazy\" \/><\/a><\/div><div class=\"gb-block-post-grid-text\"><header class=\"gb-block-post-grid-header\"><h3 class=\"gb-block-post-grid-title\"><a href=\"https:\/\/josejeron.reml.live\/en\/entrada-de-ejemplo\/\" rel=\"bookmark\">Entrada de ejemplo<\/a><\/h3><div class=\"gb-block-post-grid-byline\"><div class=\"gb-block-post-grid-author\" itemprop=\"author\" itemtype=\"https:\/\/schema.org\/Person\"><a class=\"gb-text-link\" href=\"https:\/\/josejeron.reml.live\/en\/author\/remllive\/\" itemprop=\"url\" rel=\"author\"><span itemprop=\"name\">reml.live<\/span><\/a><\/div><time datetime=\"2021-03-02T11:17:04+00:00\" class=\"gb-block-post-grid-date\" itemprop=\"datePublished\">March 2, 2021<\/time><\/div><\/header><div class=\"gb-block-post-grid-excerpt\"><\/div><\/div><\/article>\n<article id=\"post-325\" class=\"gb-post-grid-item post-325 post type-post status-publish format-standard category-paginas-pilar entry\"><div class=\"gb-block-post-grid-text\"><header class=\"gb-block-post-grid-header\"><h3 class=\"gb-block-post-grid-title\"><a href=\"https:\/\/josejeron.reml.live\/en\/republicas\/\" rel=\"bookmark\">Rep\u00fablicas Independientes \/ Seres Vivos emancipados del sistema<\/a><\/h3><div class=\"gb-block-post-grid-byline\"><div class=\"gb-block-post-grid-author\" itemprop=\"author\" itemtype=\"https:\/\/schema.org\/Person\"><a class=\"gb-text-link\" href=\"https:\/\/josejeron.reml.live\/en\/author\/remllive\/\" itemprop=\"url\" rel=\"author\"><span itemprop=\"name\">reml.live<\/span><\/a><\/div><time datetime=\"2021-02-06T18:10:14+00:00\" class=\"gb-block-post-grid-date\" itemprop=\"datePublished\">February 6, 2021<\/time><\/div><\/header><div class=\"gb-block-post-grid-excerpt\"><\/div><\/div><\/article>\n<article id=\"post-304\" class=\"gb-post-grid-item post-304 post type-post status-publish format-standard category-ley entry\"><div class=\"gb-block-post-grid-text\"><header class=\"gb-block-post-grid-header\"><h3 class=\"gb-block-post-grid-title\"><a href=\"https:\/\/josejeron.reml.live\/en\/convencion-sobre-derechos-y-deberes-de-los-estados\/\" rel=\"bookmark\">Convenci\u00f3n<\/a><\/h3><div class=\"gb-block-post-grid-byline\"><div class=\"gb-block-post-grid-author\" itemprop=\"author\" itemtype=\"https:\/\/schema.org\/Person\"><a class=\"gb-text-link\" href=\"https:\/\/josejeron.reml.live\/en\/author\/remllive\/\" itemprop=\"url\" rel=\"author\"><span itemprop=\"name\">reml.live<\/span><\/a><\/div><time datetime=\"2021-02-04T00:01:49+00:00\" class=\"gb-block-post-grid-date\" itemprop=\"datePublished\">February 4, 2021<\/time><\/div><\/header><div class=\"gb-block-post-grid-excerpt\"><\/div><\/div><\/article>\n<article id=\"post-232\" class=\"gb-post-grid-item post-232 post type-post status-publish format-standard category-ley category-tratados entry\"><div class=\"gb-block-post-grid-text\"><header class=\"gb-block-post-grid-header\"><h3 class=\"gb-block-post-grid-title\"><a href=\"https:\/\/josejeron.reml.live\/en\/tratado-montevideo\/\" rel=\"bookmark\">Tratado de Montevideo &#8211; Derecho Civil Internacional<\/a><\/h3><div class=\"gb-block-post-grid-byline\"><div class=\"gb-block-post-grid-author\" itemprop=\"author\" itemtype=\"https:\/\/schema.org\/Person\"><a class=\"gb-text-link\" href=\"https:\/\/josejeron.reml.live\/en\/author\/remllive\/\" itemprop=\"url\" rel=\"author\"><span itemprop=\"name\">reml.live<\/span><\/a><\/div><time datetime=\"2021-01-30T08:34:44+00:00\" class=\"gb-block-post-grid-date\" itemprop=\"datePublished\">January 30, 2021<\/time><\/div><\/header><div class=\"gb-block-post-grid-excerpt\"><\/div><\/div><\/article>\n<\/div><\/section><\/div><\/div><\/div>","protected":false},"excerpt":{"rendered":"","protected":false},"author":1,"featured_media":0,"parent":0,"menu_order":0,"comment_status":"closed","ping_status":"closed","template":"","meta":{"_genesis_hide_title":true,"_genesis_hide_breadcrumbs":true,"_genesis_hide_singular_image":true,"_genesis_hide_footer_widgets":false,"_genesis_custom_body_class":"","_genesis_custom_post_class":"","_genesis_layout":"full-width-content"},"featured_image_src":null,"featured_image_src_square":null,"_links":{"self":[{"href":"https:\/\/josejeron.reml.live\/en\/wp-json\/wp\/v2\/pages\/7"}],"collection":[{"href":"https:\/\/josejeron.reml.live\/en\/wp-json\/wp\/v2\/pages"}],"about":[{"href":"https:\/\/josejeron.reml.live\/en\/wp-json\/wp\/v2\/types\/page"}],"author":[{"embeddable":true,"href":"https:\/\/josejeron.reml.live\/en\/wp-json\/wp\/v2\/users\/1"}],"replies":[{"embeddable":true,"href":"https:\/\/josejeron.reml.live\/en\/wp-json\/wp\/v2\/comments?post=7"}],"version-history":[{"count":17,"href":"https:\/\/josejeron.reml.live\/en\/wp-json\/wp\/v2\/pages\/7\/revisions"}],"predecessor-version":[{"id":144,"href":"https:\/\/josejeron.reml.live\/en\/wp-json\/wp\/v2\/pages\/7\/revisions\/144"}],"wp:attachment":[{"href":"https:\/\/josejeron.reml.live\/en\/wp-json\/wp\/v2\/media?parent=7"}],"curies":[{"name":"wp","href":"https:\/\/api.w.org\/{rel}","templated":true}]}}